{"id":23336,"date":"2024-07-10T11:09:31","date_gmt":"2024-07-10T16:09:31","guid":{"rendered":"https:\/\/fondsinlandsis.com\/what-we-do\/"},"modified":"2025-06-25T08:06:06","modified_gmt":"2025-06-25T13:06:06","slug":"notre-expertise","status":"publish","type":"page","link":"https:\/\/fondsinlandsis.com\/fr\/notre-expertise\/","title":{"rendered":"Notre expertise"},"content":{"rendered":"<div class=\"wpb-content-wrapper\"><p>[vc_section css=\u00a0\u00bb.vc_custom_1731444864526{margin-bottom: 100px !important;}\u00a0\u00bb][vc_row][vc_column][vc_column_text css=\u00a0\u00bb\u00a0\u00bb]<\/p>\n<div class=\"center-text\" data-block=\"true\" data-editor=\"3vnoh\" data-offset-key=\"8rt2h-0-0\">\n<h2 class=\"public-DraftStyleDefault-block public-DraftStyleDefault-ltr\" data-offset-key=\"8rt2h-0-0\"><span data-offset-key=\"8rt2h-0-0\">Notre approche<\/span><\/h2>\n<\/div>\n<p><span class=\"TextRun SCXW31356966 BCX0\" lang=\"FR-CA\" xml:lang=\"FR-CA\" data-contrast=\"none\"><span class=\"NormalTextRun SCXW31356966 BCX0\">Nos fonds de finance carbone fournissent le capital essentiel pour lancer et d\u00e9velopper des projets carbone innovants en Am\u00e9rique du Nord. Nous structurons nos investissements pour r\u00e9pondre aux besoins sp\u00e9cifiques de nos partenaires d\u00e9veloppeurs, en fournissant le plus souvent du capital initial en \u00e9change d&rsquo;une part des cr\u00e9dits carbone, avec des investissements typiques allant de 2 \u00e0 15 millions de dollars par projet. Les cr\u00e9dits issus de nos projets sont regroup\u00e9s dans un portefeuille diversifi\u00e9 pour r\u00e9pondre aux exigences strictes de nos clients en mati\u00e8re de qualit\u00e9 et de co-b\u00e9n\u00e9fices environnementaux et sociaux.<\/span><\/span><span class=\"EOP SCXW31356966 BCX0\" data-ccp-props=\"{&quot;134233117&quot;:false,&quot;134233118&quot;:false,&quot;335559738&quot;:240,&quot;335559739&quot;:240}\">\u00a0<\/span>[\/vc_column_text][vc_btn title=\u00a0\u00bbAcheter des cr\u00e9dits carbone\u00a0\u00bb shape=\u00a0\u00bbsquare\u00a0\u00bb css=\u00a0\u00bb\u00a0\u00bb link=\u00a0\u00bburl:%2Ffr%2Facheter-des-credits-carbone%2F|title:Acheter%20du%20cr%C3%A9dit%20carbone\u00a0\u00bb][vc_btn title=\u00a0\u00bbD\u00e9couvrez nos projets\u00a0\u00bb shape=\u00a0\u00bbsquare\u00a0\u00bb css=\u00a0\u00bb\u00a0\u00bb link=\u00a0\u00bburl:%2Ffr%2Fportfolio%2F|title:D%C3%A9couvrez%20nos%20projets\u00a0\u00bb][\/vc_column][\/vc_row][\/vc_section][vc_section full_width=\u00a0\u00bbstretch_row_content\u00a0\u00bb css=\u00a0\u00bb.vc_custom_1721173781026{background-color: #435e71 !important;}\u00a0\u00bb el_class=\u00a0\u00bbrounded\u00a0\u00bb][vc_row css=\u00a0\u00bb.vc_custom_1731450446481{padding-top: 70px !important;padding-bottom: 100px !important;}\u00a0\u00bb el_class=\u00a0\u00bbtexte-blanc\u00a0\u00bb][vc_column][vc_column_text css=\u00a0\u00bb\u00a0\u00bb el_class=\u00a0\u00bbwhite-title\u00a0\u00bb]<\/p>\n<h3>Qui nous sommes<\/h3>\n<p><span data-contrast=\"none\">Nous sommes \u00e9tablis et soutenus par Fondaction, un fonds de pension canadien, ainsi que par son partenaire, Priori-T Capital. Depuis 2017, nous avons accompagn\u00e9 plus de 40 projets dans les march\u00e9s du carbone r\u00e9glementaires et volontaires. Les cr\u00e9dits g\u00e9n\u00e9r\u00e9s par nos projets sont regroup\u00e9s dans un portefeuille diversifi\u00e9, con\u00e7u pour r\u00e9pondre aux exigences \u00e9lev\u00e9es de nos clients en mati\u00e8re de qualit\u00e9, ainsi qu\u2019aux co-b\u00e9n\u00e9fices environnementaux et sociaux.<\/span><span data-ccp-props=\"{&quot;134233117&quot;:false,&quot;134233118&quot;:false,&quot;201341983&quot;:0,&quot;335559738&quot;:240,&quot;335559739&quot;:240,&quot;335559740&quot;:257}\">\u00a0<\/span><\/p>\n<p><span data-contrast=\"none\">L&rsquo;\u00e9quipe d&rsquo;Inlandsis poss\u00e8de une solide exp\u00e9rience dans les march\u00e9s du carbone, remontant aux ann\u00e9es 2000. De plus, nos directeurs g\u00e9n\u00e9raux investissent leur propre capital dans chacun de nos projets. Gr\u00e2ce \u00e0 nos investissements durables, nous cultivons des relations durables avec nos partenaires d\u00e9veloppeurs de projets.<\/span><span data-ccp-props=\"{&quot;134233117&quot;:false,&quot;134233118&quot;:false,&quot;201341983&quot;:0,&quot;335559738&quot;:240,&quot;335559739&quot;:240,&quot;335559740&quot;:257}\">\u00a0<\/span>[\/vc_column_text][\/vc_column][\/vc_row][\/vc_section][vc_section css=\u00a0\u00bb.vc_custom_1720723413629{margin-top: 100px !important;margin-bottom: 100px !important;}\u00a0\u00bb][vc_row][vc_column][vc_column_text css=\u00a0\u00bb\u00a0\u00bb]<\/p>\n<h2>Notre impact<\/h2>\n<p>[\/vc_column_text][\/vc_column][\/vc_row][vc_row][vc_column width=\u00a0\u00bb1\/2&Prime;][vc_column_text css=\u00a0\u00bb\u00a0\u00bb]<span class=\"TextRun SCXW29710199 BCX0\" lang=\"FR-CA\" xml:lang=\"FR-CA\" data-contrast=\"none\"><span class=\"NormalTextRun SCXW29710199 BCX0\">Inlandsis s&rsquo;engage \u00e0 financer des projets qui g\u00e9n\u00e8rent des r\u00e9ductions et des suppressions mesurables des \u00e9missions de gaz \u00e0 effet de serre, contribuant ainsi aux objectifs mondiaux de lutte contre le changement climatique \u00e0 court et \u00e0 long terme, comme dans le cadre de l&rsquo;Accord de Paris. Nous mettons l&rsquo;accent sur la protection de l&rsquo;environnement, des ressources naturelles et de la biodiversit\u00e9 en dirigeant des capitaux vers des projets visant \u00e0 r\u00e9duire et \u00e9liminer les \u00e9missions de gaz \u00e0 effet de serre (GES). Les projets de nos fonds devraient permettre de r\u00e9duire et d&rsquo;\u00e9liminer l&rsquo;\u00e9quivalent de plus de 20 millions de tonnes de dioxyde de carbone.<\/span><\/span>[\/vc_column_text][\/vc_column][vc_column width=\u00a0\u00bb1\/2&Prime;][vc_single_image image=\u00a0\u00bb23929&Prime; img_size=\u00a0\u00bblarge\u00a0\u00bb alignment=\u00a0\u00bbright\u00a0\u00bb css=\u00a0\u00bb\u00a0\u00bb el_class=\u00a0\u00bbimg-rounded\u00a0\u00bb][\/vc_column][\/vc_row][vc_row][vc_column width=\u00a0\u00bb1\/2&Prime;][vc_single_image image=\u00a0\u00bb23939&Prime; img_size=\u00a0\u00bblarge\u00a0\u00bb alignment=\u00a0\u00bbright\u00a0\u00bb css=\u00a0\u00bb\u00a0\u00bb el_class=\u00a0\u00bbimg-rounded\u00a0\u00bb][\/vc_column][vc_column width=\u00a0\u00bb1\/2&Prime;][vc_column_text css=\u00a0\u00bb\u00a0\u00bb]Les projets bas\u00e9s sur la nature dans notre portefeuille vont des for\u00eats prot\u00e9g\u00e9es par la mise en \u0153uvre d&rsquo;accords de conservation pour la pr\u00e9servation \u00e0 long terme des terres, aux activit\u00e9s de conservation des prairies pour prot\u00e9ger l&rsquo;habitat des oiseaux migrateurs, tout en aidant les familles d&rsquo;\u00e9leveurs \u00e0 transmettre leurs ranchs aux g\u00e9n\u00e9rations futures. Nous avons \u00e9galement soutenu des fermes laiti\u00e8res \u00e0 travers les \u00c9tats-Unis pour transformer le fumier en \u00e9lectricit\u00e9 et \u00e9viter le risque de pollution des cours d&rsquo;eau locaux. Chaque projet que nous finan\u00e7ons offre des co-b\u00e9n\u00e9fices environnementaux, sociaux et \u00e9conomiques tangibles, en plus des r\u00e9ductions et suppressions v\u00e9rifi\u00e9es des \u00e9missions de gaz \u00e0 effet de serre.[\/vc_column_text][\/vc_column][\/vc_row][\/vc_section]<\/p>\n<\/div>","protected":false},"excerpt":{"rendered":"<p>[vc_section css=\u00a0\u00bb.vc_custom_1731444864526{margin-bottom: 100px !important;}\u00a0\u00bb][vc_row][vc_column][vc_column_text css=\u00a0\u00bb\u00a0\u00bb] Notre approche Nos fonds de finance carbone fournissent le capital essentiel pour lancer et d\u00e9velopper des projets carbone innovants en Am\u00e9rique du Nord. Nous structurons nos investissements pour r\u00e9pondre aux besoins sp\u00e9cifiques de nos partenaires d\u00e9veloppeurs, en fournissant le plus souvent du capital initial en \u00e9change d&rsquo;une part des cr\u00e9dits [&hellip;]<\/p>\n","protected":false},"author":1,"featured_media":0,"parent":0,"menu_order":0,"comment_status":"closed","ping_status":"closed","template":"","meta":{"_acf_changed":false,"footnotes":""},"class_list":["post-23336","page","type-page","status-publish","hentry"],"acf":[],"_links":{"self":[{"href":"https:\/\/fondsinlandsis.com\/fr\/wp-json\/wp\/v2\/pages\/23336","targetHints":{"allow":["GET"]}}],"collection":[{"href":"https:\/\/fondsinlandsis.com\/fr\/wp-json\/wp\/v2\/pages"}],"about":[{"href":"https:\/\/fondsinlandsis.com\/fr\/wp-json\/wp\/v2\/types\/page"}],"author":[{"embeddable":true,"href":"https:\/\/fondsinlandsis.com\/fr\/wp-json\/wp\/v2\/users\/1"}],"replies":[{"embeddable":true,"href":"https:\/\/fondsinlandsis.com\/fr\/wp-json\/wp\/v2\/comments?post=23336"}],"version-history":[{"count":38,"href":"https:\/\/fondsinlandsis.com\/fr\/wp-json\/wp\/v2\/pages\/23336\/revisions"}],"predecessor-version":[{"id":24165,"href":"https:\/\/fondsinlandsis.com\/fr\/wp-json\/wp\/v2\/pages\/23336\/revisions\/24165"}],"wp:attachment":[{"href":"https:\/\/fondsinlandsis.com\/fr\/wp-json\/wp\/v2\/media?parent=23336"}],"curies":[{"name":"wp","href":"https:\/\/api.w.org\/{rel}","templated":true}]}}