{"id":23322,"date":"2024-07-11T13:11:38","date_gmt":"2024-07-11T18:11:38","guid":{"rendered":"https:\/\/fondsinlandsis.com\/fund-your-project\/"},"modified":"2025-03-27T16:49:36","modified_gmt":"2025-03-27T21:49:36","slug":"financement-de-projets","status":"publish","type":"page","link":"https:\/\/fondsinlandsis.com\/fr\/financement-de-projets\/","title":{"rendered":"Financement de projets"},"content":{"rendered":"<div class=\"wpb-content-wrapper\"><p>[vc_section css=\u00a0\u00bb.vc_custom_1720836997223{margin-bottom: 100px !important;}\u00a0\u00bb][vc_row][vc_column][vc_column_text css=\u00a0\u00bb\u00a0\u00bb]<\/p>\n<div class=\"\" data-block=\"true\" data-editor=\"e8s55\" data-offset-key=\"8rt2h-0-0\">\n<h2 class=\"public-DraftStyleDefault-block public-DraftStyleDefault-ltr\" data-offset-key=\"8rt2h-0-0\">Pourquoi faire confiance \u00e0 Inlandsis pour financer votre projet ?<\/h2>\n<\/div>\n<div><\/div>\n<p>[\/vc_column_text][vc_column_text css=\u00a0\u00bb\u00a0\u00bb]<strong><span class=\"TextRun SCXW190306933 BCX0\" lang=\"FR-CA\" xml:lang=\"FR-CA\" data-contrast=\"none\"><span class=\"NormalTextRun SCXW190306933 BCX0\">Un partenaire de financement \u00e0 long terme<\/span><\/span><span class=\"EOP SCXW190306933 BCX0\" data-ccp-props=\"{&quot;134233117&quot;:false,&quot;134233118&quot;:false,&quot;335559738&quot;:240,&quot;335559739&quot;:240}\">\u00a0<\/span><\/strong><\/p>\n<p><span class=\"TextRun SCXW183020767 BCX0\" lang=\"FR-CA\" xml:lang=\"FR-CA\" data-contrast=\"none\"><span class=\"NormalTextRun SCXW183020767 BCX0\">Nous sommes des investisseurs exp\u00e9riment\u00e9s dans les projets carbone, fournissant un capital essentiel pour aider nos partenaires \u00e0 lancer leurs projets. Nous ne sommes ni d\u00e9veloppeurs, ni consultants, ni courtiers ; nous nous affirmons comme un partenaire de financement engag\u00e9 sur le long terme.<\/span><\/span><span class=\"EOP SCXW183020767 BCX0\" data-ccp-props=\"{&quot;134233117&quot;:false,&quot;134233118&quot;:false,&quot;335559738&quot;:240,&quot;335559739&quot;:240}\">\u00a0<\/span>[\/vc_column_text][\/vc_column][\/vc_row][\/vc_section][vc_row][vc_column][vc_separator color=\u00a0\u00bbcustom\u00a0\u00bb css=\u00a0\u00bb\u00a0\u00bb accent_color=\u00a0\u00bb#435e71&Prime;][\/vc_column][\/vc_row][vc_section css=\u00a0\u00bb.vc_custom_1720723320655{margin-top: 100px !important;margin-bottom: 100px !important;}\u00a0\u00bb][vc_row][vc_column][vc_column_text css=\u00a0\u00bb\u00a0\u00bb]<\/p>\n<h2 class=\"public-DraftStyleDefault-block public-DraftStyleDefault-ltr\" data-offset-key=\"bhpjb-0-0\"><span class=\"TextRun SCXW235688013 BCX0\" lang=\"FR-CA\" xml:lang=\"FR-CA\" data-contrast=\"none\"><span class=\"NormalTextRun SCXW235688013 BCX0\">Inlandsis, <\/span><span class=\"NormalTextRun SCXW235688013 BCX0\">un partenaire de choix<\/span><\/span><\/h2>\n<p>[\/vc_column_text][\/vc_column][\/vc_row][vc_row][vc_column width=\u00a0\u00bb2\/3&Prime;][vc_column_text css=\u00a0\u00bb\u00a0\u00bb]<\/p>\n<p style=\"text-align: left;\">Les d\u00e9veloppeurs de projets dans de nombreux secteurs se tournent vers Inlandsis pour obtenir du capital pour leurs projets, b\u00e9n\u00e9ficiant de nos solutions personnalis\u00e9es adapt\u00e9es \u00e0 leurs besoins et de l&rsquo;exp\u00e9rience approfondie de notre \u00e9quipe dans le d\u00e9veloppement de cr\u00e9dits carbone et les march\u00e9s environnementaux.<\/p>\n<p>[\/vc_column_text][\/vc_column][vc_column width=\u00a0\u00bb1\/3&Prime;][vc_btn title=\u00a0\u00bbD\u00e9couvrez notre expertise\u00a0\u00bb shape=\u00a0\u00bbsquare\u00a0\u00bb align=\u00a0\u00bbright\u00a0\u00bb css=\u00a0\u00bb\u00a0\u00bb link=\u00a0\u00bburl:%2Ffr%2Fnotre-expertise%2F|title:D%C3%A9couvrez%20notre%20expertise\u00a0\u00bb][\/vc_column][\/vc_row][vc_row][vc_column][vc_toggle title=\u00a0\u00bbPartenariat de long terme\u00a0\u00bb css=\u00a0\u00bb\u00a0\u00bb]Nous \u00e9tablissons des partenariats \u00e0 long terme avec des d\u00e9veloppeurs et des propri\u00e9taires d&rsquo;actifs dans divers secteurs.[\/vc_toggle][vc_separator color=\u00a0\u00bbblue\u00a0\u00bb css=\u00a0\u00bb\u00a0\u00bb][vc_toggle title=\u00a0\u00bbAnt\u00e9c\u00e9dents \u00e9prouv\u00e9s\u00a0\u00bb css=\u00a0\u00bb\u00a0\u00bb]<span class=\"TextRun SCXW75737034 BCX0\" lang=\"FR-CA\" xml:lang=\"FR-CA\" data-contrast=\"none\"><span class=\"NormalTextRun SCXW75737034 BCX0\">Gr\u00e2ce \u00e0 nos deux fonds de finance carbone, Inlandsis a soutenu plus de 40 projets de cr\u00e9dits carbone r\u00e9ussis aux \u00c9tats-Unis et au Canada depuis 2017.<\/span><\/span><span class=\"EOP SCXW75737034 BCX0\" data-ccp-props=\"{&quot;134233117&quot;:false,&quot;134233118&quot;:false,&quot;335559738&quot;:240,&quot;335559739&quot;:240}\">\u00a0<\/span>[\/vc_toggle][vc_separator color=\u00a0\u00bbblue\u00a0\u00bb css=\u00a0\u00bb\u00a0\u00bb][vc_toggle title=\u00a0\u00bbPortefeuille de projets diversifi\u00e9\u00a0\u00bb css=\u00a0\u00bb\u00a0\u00bb]<span class=\"TextRun SCXW115623091 BCX0\" lang=\"FR-CA\" xml:lang=\"FR-CA\" data-contrast=\"none\"><span class=\"NormalTextRun SCXW115623091 BCX0\">Inlandsis a soutenu une large vari\u00e9t\u00e9 de projets dans les march\u00e9s de conformit\u00e9 et volontaires, notamment des projets de r\u00e9duction du m\u00e9thane, des initiatives de conservation des for\u00eats et des programmes de conservation des prairies, entre autres. Nous avons \u00e9galement soutenu plusieurs projets de biogaz et de gaz naturel renouvelable en tant que carburants propres, et nous nous d\u00e9veloppons dans le domaine des projets de retrait durable de carbone (CDR).<\/span><\/span>[\/vc_toggle][vc_separator color=\u00a0\u00bbblue\u00a0\u00bb css=\u00a0\u00bb\u00a0\u00bb][vc_toggle title=\u00a0\u00bbSoutien financier solide\u00a0\u00bb css=\u00a0\u00bb\u00a0\u00bb]<span class=\"TextRun SCXW43742576 BCX0\" lang=\"FR-CA\" xml:lang=\"FR-CA\" data-contrast=\"none\"><span class=\"NormalTextRun SCXW43742576 BCX0\">Notre investisseur principal est un fonds de pension canadien, Fondaction, qui g\u00e8re plus de 3,5 milliards de dollars d&rsquo;actifs.<\/span><\/span>[\/vc_toggle][vc_separator color=\u00a0\u00bbblue\u00a0\u00bb css=\u00a0\u00bb\u00a0\u00bb][vc_toggle title=\u00a0\u00bbEngagement envers le succ\u00e8s de nos partenaires\u00a0\u00bb css=\u00a0\u00bb\u00a0\u00bb]Nous nous engageons pleinement dans le succ\u00e8s de nos partenaires en d\u00e9veloppement de projets et propri\u00e9taires d&rsquo;actifs. Nous sommes align\u00e9s avec nos investisseurs et partenaires de projet, car nous investissons \u00e9galement notre propre capital dans chaque projet.[\/vc_toggle][vc_separator color=\u00a0\u00bbblue\u00a0\u00bb css=\u00a0\u00bb\u00a0\u00bb][vc_toggle title=\u00a0\u00bbExp\u00e9rience approfondie\u00a0\u00bb css=\u00a0\u00bb\u00a0\u00bb]<span class=\"TextRun SCXW203317420 BCX0\" lang=\"FR-CA\" xml:lang=\"FR-CA\" data-contrast=\"none\"><span class=\"NormalTextRun SCXW203317420 BCX0\">L&rsquo;\u00e9quipe poss\u00e8de une vaste exp\u00e9rience dans de nombreux types de projets carbone sous tous les principaux registres en Am\u00e9rique du Nord et comprend les d\u00e9fis li\u00e9s au d\u00e9veloppement de projets de qualit\u00e9.<\/span><\/span><span class=\"EOP SCXW203317420 BCX0\" data-ccp-props=\"{&quot;134233117&quot;:false,&quot;134233118&quot;:false,&quot;335559738&quot;:240,&quot;335559739&quot;:240}\">\u00a0<\/span>[\/vc_toggle][vc_separator color=\u00a0\u00bbblue\u00a0\u00bb css=\u00a0\u00bb\u00a0\u00bb][vc_toggle title=\u00a0\u00bbStructures d&rsquo;investissement sur mesure\u00a0\u00bb css=\u00a0\u00bb\u00a0\u00bb]Nous structurons et personnalisons nos investissements pour r\u00e9pondre aux besoins individuels de nos partenaires, et fournissons g\u00e9n\u00e9ralement un capital initial en \u00e9change d&rsquo;une portion des cr\u00e9dits carbone ou d&rsquo;une part des revenus des cr\u00e9dits carbone. Nos investissements typiques varient entre 3 et 15 millions de dollars par projet, avec des jalons de financement d\u00e9di\u00e9s, et nous privil\u00e9gions les opportunit\u00e9s qui g\u00e9n\u00e8rent des r\u00e9ductions ou des \u00e9liminations de GES \u00e9volutives \u00e0 travers l&rsquo;Am\u00e9rique du Nord.[\/vc_toggle][vc_separator color=\u00a0\u00bbblue\u00a0\u00bb css=\u00a0\u00bb\u00a0\u00bb][vc_toggle title=\u00a0\u00bbSucc\u00e8s sur le march\u00e9 et relations avec les acheteurs\u00a0\u00bb css=\u00a0\u00bb\u00a0\u00bb]<span class=\"TextRun SCXW87575391 BCX0\" lang=\"FR-CA\" xml:lang=\"FR-CA\" data-contrast=\"none\"><span class=\"NormalTextRun SCXW87575391 BCX0\">Inlandsis a vendu plus de 3 millions de cr\u00e9dits de son portefeuille et entretient des relations de longue date avec des acheteurs de premier plan dans l&rsquo;industrie.<\/span><\/span><span class=\"EOP SCXW87575391 BCX0\" data-ccp-props=\"{&quot;134233117&quot;:false,&quot;134233118&quot;:false,&quot;335559738&quot;:240,&quot;335559739&quot;:240}\">\u00a0<\/span>[\/vc_toggle][\/vc_column][\/vc_row][\/vc_section]<\/p>\n<\/div>","protected":false},"excerpt":{"rendered":"<p>[vc_section css=\u00a0\u00bb.vc_custom_1720836997223{margin-bottom: 100px !important;}\u00a0\u00bb][vc_row][vc_column][vc_column_text css=\u00a0\u00bb\u00a0\u00bb] Pourquoi faire confiance \u00e0 Inlandsis pour financer votre projet ? [\/vc_column_text][vc_column_text css=\u00a0\u00bb\u00a0\u00bb]Un partenaire de financement \u00e0 long terme\u00a0 Nous sommes des investisseurs exp\u00e9riment\u00e9s dans les projets carbone, fournissant un capital essentiel pour aider nos partenaires \u00e0 lancer leurs projets. Nous ne sommes ni d\u00e9veloppeurs, ni consultants, ni courtiers ; nous [&hellip;]<\/p>\n","protected":false},"author":1,"featured_media":0,"parent":0,"menu_order":0,"comment_status":"closed","ping_status":"closed","template":"templates\/fund-project.php","meta":{"_acf_changed":false,"footnotes":""},"class_list":["post-23322","page","type-page","status-publish","hentry"],"acf":[],"_links":{"self":[{"href":"https:\/\/fondsinlandsis.com\/fr\/wp-json\/wp\/v2\/pages\/23322","targetHints":{"allow":["GET"]}}],"collection":[{"href":"https:\/\/fondsinlandsis.com\/fr\/wp-json\/wp\/v2\/pages"}],"about":[{"href":"https:\/\/fondsinlandsis.com\/fr\/wp-json\/wp\/v2\/types\/page"}],"author":[{"embeddable":true,"href":"https:\/\/fondsinlandsis.com\/fr\/wp-json\/wp\/v2\/users\/1"}],"replies":[{"embeddable":true,"href":"https:\/\/fondsinlandsis.com\/fr\/wp-json\/wp\/v2\/comments?post=23322"}],"version-history":[{"count":29,"href":"https:\/\/fondsinlandsis.com\/fr\/wp-json\/wp\/v2\/pages\/23322\/revisions"}],"predecessor-version":[{"id":24136,"href":"https:\/\/fondsinlandsis.com\/fr\/wp-json\/wp\/v2\/pages\/23322\/revisions\/24136"}],"wp:attachment":[{"href":"https:\/\/fondsinlandsis.com\/fr\/wp-json\/wp\/v2\/media?parent=23322"}],"curies":[{"name":"wp","href":"https:\/\/api.w.org\/{rel}","templated":true}]}}