{"id":22711,"date":"2024-06-19T14:10:47","date_gmt":"2024-06-19T19:10:47","guid":{"rendered":"https:\/\/fondsinlandsis.com\/?page_id=22711"},"modified":"2024-12-18T07:47:14","modified_gmt":"2024-12-18T12:47:14","slug":"acheter-des-credits-carbone","status":"publish","type":"page","link":"https:\/\/fondsinlandsis.com\/fr\/acheter-des-credits-carbone\/","title":{"rendered":"Acheter des cr\u00e9dits carbone"},"content":{"rendered":"<div class=\"wpb-content-wrapper\"><p>[vc_section css=\u00a0\u00bb.vc_custom_1720836997223{margin-bottom: 100px !important;}\u00a0\u00bb][vc_row][vc_column][vc_column_text css=\u00a0\u00bb\u00a0\u00bb]<\/p>\n<h2 class=\"public-DraftStyleDefault-block public-DraftStyleDefault-ltr\" data-offset-key=\"8rt2h-0-0\"><span class=\"TextRun SCXW199441624 BCX0\" lang=\"FR-CA\" xml:lang=\"FR-CA\" data-contrast=\"none\"><span class=\"NormalTextRun SCXW199441624 BCX0\">Atteignez vos objectifs climatiques gr\u00e2ce aux cr\u00e9dits carbone d&rsquo;Inlandsis<\/span><\/span><\/h2>\n<p><strong><span class=\"TextRun SCXW105502802 BCX0\" lang=\"FR-CA\" xml:lang=\"FR-CA\" data-contrast=\"none\"><span class=\"NormalTextRun SCXW105502802 BCX0\">Un investisseur \u00e0 long terme et acteur cl\u00e9 des march\u00e9s du carbone en Am\u00e9rique du Nord, avec plus de 3 millions de cr\u00e9dits carbone vendus<\/span><\/span><\/strong><\/p>\n<p><span class=\"TextRun SCXW45606978 BCX0\" lang=\"FR-CA\" xml:lang=\"FR-CA\" data-contrast=\"none\"><span class=\"NormalTextRun SCXW45606978 BCX0\">Depuis 2017, Inlandsis a soutenu plus de 40 projets de cr\u00e9dits carbone aux \u00c9tats-Unis et au Canada. Notre portefeuille diversifi\u00e9 comprend des projets novateurs avec des fermes laiti\u00e8res, des ranchs, des fiducies fonci\u00e8res, des op\u00e9rateurs miniers et des entrepreneurs. Les directeurs de notre fonds sont personnellement impliqu\u00e9s dans chaque projet de notre portefeuille. Tous nos projets doivent \u00e9galement respecter nos politiques ESG, reconnues comme les meilleures de l&rsquo;industrie.<\/span><\/span>[\/vc_column_text][vc_btn title=\u00a0\u00bbSoumettre une demande\u00a0\u00bb shape=\u00a0\u00bbsquare\u00a0\u00bb align=\u00a0\u00bbleft\u00a0\u00bb css=\u00a0\u00bb\u00a0\u00bb link=\u00a0\u00bburl:%2Ffr%2Fcontact%2F|title:Acheter%20des%20cr%C3%A9dits%20carbone\u00a0\u00bb][\/vc_column][\/vc_row][\/vc_section][vc_row][vc_column][vc_separator color=\u00a0\u00bbcustom\u00a0\u00bb css=\u00a0\u00bb\u00a0\u00bb accent_color=\u00a0\u00bb#435e71&Prime;][\/vc_column][\/vc_row][vc_section css=\u00a0\u00bb.vc_custom_1720723320655{margin-top: 100px !important;margin-bottom: 100px !important;}\u00a0\u00bb][vc_row][vc_column][vc_column_text css=\u00a0\u00bb\u00a0\u00bb]<\/p>\n<h2 class=\"public-DraftStyleDefault-block public-DraftStyleDefault-ltr\" data-offset-key=\"bhpjb-0-0\"><span class=\"TextRun SCXW21370023 BCX0\" lang=\"FR-CA\" xml:lang=\"FR-CA\" data-contrast=\"none\"><span class=\"NormalTextRun SCXW21370023 BCX0\">Pourquoi faire confiance aux cr\u00e9dits carbone d&rsquo;Inlandsis pour atteindre vos objectifs climatiques ?<\/span><\/span><span class=\"EOP SCXW21370023 BCX0\" data-ccp-props=\"{&quot;134233117&quot;:false,&quot;134233118&quot;:false,&quot;335559738&quot;:240,&quot;335559739&quot;:240}\">\u00a0<\/span><\/h2>\n<p>[\/vc_column_text][\/vc_column][\/vc_row][vc_row][vc_column width=\u00a0\u00bb2\/3&Prime;][vc_column_text css=\u00a0\u00bb\u00a0\u00bb]<\/p>\n<p class=\"public-DraftStyleDefault-block public-DraftStyleDefault-ltr\" data-offset-key=\"bhpjb-0-0\"><span class=\"NormalTextRun SCXW225055574 BCX0\">Nous mettons notre expertise au service des grandes et moyennes entreprises ainsi que de leurs conseillers sur les march\u00e9s volontaires et r\u00e9glement\u00e9s. Contactez-nous pour en savoir plus sur <\/span><span class=\"NormalTextRun ContextualSpellingAndGrammarErrorV2Themed SCXW225055574 BCX0\">les cr\u00e9dits carbone<\/span><span class=\"NormalTextRun SCXW225055574 BCX0\"> et les possibilit\u00e9s de collaboration.<\/span><\/p>\n<div><\/div>\n<p>[\/vc_column_text][\/vc_column][vc_column width=\u00a0\u00bb1\/3&Prime;][vc_btn title=\u00a0\u00bbVoir notre portfolio\u00a0\u00bb shape=\u00a0\u00bbsquare\u00a0\u00bb align=\u00a0\u00bbright\u00a0\u00bb css=\u00a0\u00bb\u00a0\u00bb link=\u00a0\u00bburl:%2Ffr%2Fportfolio%2F|title:Voir%20notre%20portfolio\u00a0\u00bb][\/vc_column][\/vc_row][vc_row][vc_column][vc_toggle title=\u00a0\u00bbUn bilan \u00e9prouv\u00e9 sur les march\u00e9s du carbone\u00a0\u00bb css=\u00a0\u00bb\u00a0\u00bb]<span class=\"TextRun SCXW105984961 BCX0\" lang=\"FR-CA\" xml:lang=\"FR-CA\" data-contrast=\"none\"><span class=\"NormalTextRun SCXW105984961 BCX0\">Depuis 2017, Inlandsis a soutenu plus de 40 projets de cr\u00e9dits carbone aux \u00c9tats-Unis et au Canada. Nos investissements sont essentiels au d\u00e9veloppement de projets qui contribuent \u00e0 atteindre les objectifs climatiques mondiaux.<\/span><\/span><span class=\"EOP SCXW105984961 BCX0\" data-ccp-props=\"{&quot;134233117&quot;:false,&quot;134233118&quot;:false,&quot;335559738&quot;:240,&quot;335559739&quot;:240}\">\u00a0<\/span>[\/vc_toggle][vc_separator color=\u00a0\u00bbblue\u00a0\u00bb css=\u00a0\u00bb\u00a0\u00bb][vc_toggle title=\u00a0\u00bbUn portefeuille diversifi\u00e9 et en croissance\u00a0\u00bb css=\u00a0\u00bb\u00a0\u00bb]<span class=\"TextRun SCXW135218876 BCX0\" lang=\"FR-CA\" xml:lang=\"FR-CA\" data-contrast=\"none\"><span class=\"NormalTextRun SCXW135218876 BCX0\">Notre portefeuille diversifi\u00e9 refl\u00e8te notre engagement \u00e0 investir dans des projets de la plus haute qualit\u00e9, comme la r\u00e9duction du m\u00e9thane dans les fermes familiales, la r\u00e9duction du m\u00e9thane dans les mines, la conservation des for\u00eats et la pr\u00e9servation des <\/span><span class=\"NormalTextRun SpellingErrorV2Themed SCXW135218876 BCX0\">prairies, <\/span><\/span>entre autres. Notre portefeuille de projets continue de s\u2019\u00e9largir gr\u00e2ce \u00e0 de nouveaux investissements, tels que des projets suppl\u00e9mentaires bas\u00e9s sur la nature, des projets d\u2019\u00e9limination durable et d\u2019autres types de projets \u00e9mergents.[\/vc_toggle][vc_separator color=\u00a0\u00bbblue\u00a0\u00bb css=\u00a0\u00bb\u00a0\u00bb][vc_toggle title=\u00a0\u00bbSoutien financier solide\u00a0\u00bb css=\u00a0\u00bb\u00a0\u00bb]<span class=\"TextRun SCXW99022810 BCX0\" lang=\"FR-CA\" xml:lang=\"FR-CA\" data-contrast=\"none\"><span class=\"NormalTextRun SCXW99022810 BCX0\">Nous g\u00e9rons deux fonds d&rsquo;impact climatique, et notre investisseur principal est un fonds de pension canadien, <\/span><span class=\"NormalTextRun SpellingErrorV2Themed SCXW99022810 BCX0\">Fondaction<\/span><span class=\"NormalTextRun SCXW99022810 BCX0\">, qui g\u00e8re plus de 3,5 milliards de dollars d&rsquo;actifs.<\/span><\/span><span class=\"EOP SCXW99022810 BCX0\" data-ccp-props=\"{&quot;134233117&quot;:false,&quot;134233118&quot;:false,&quot;335559738&quot;:240,&quot;335559739&quot;:240}\">\u00a0<\/span>[\/vc_toggle][vc_separator color=\u00a0\u00bbblue\u00a0\u00bb css=\u00a0\u00bb\u00a0\u00bb][vc_toggle title=\u00a0\u00bbUne \u00e9quipe de direction exp\u00e9riment\u00e9e\u00a0\u00bb css=\u00a0\u00bb\u00a0\u00bb]<span class=\"TextRun SCXW99606771 BCX0\" lang=\"FR-CA\" xml:lang=\"FR-CA\" data-contrast=\"none\"><span class=\"NormalTextRun SCXW99606771 BCX0\">L&rsquo;\u00e9quipe poss\u00e8de une vaste exp\u00e9rience des march\u00e9s du carbone, remontant aux ann\u00e9es 2000, et les Directeurs G\u00e9n\u00e9raux investissent leur propre capital dans chaque projet.<\/span><\/span><span class=\"EOP SCXW99606771 BCX0\" data-ccp-props=\"{&quot;134233117&quot;:false,&quot;134233118&quot;:false,&quot;335559738&quot;:240,&quot;335559739&quot;:240}\">\u00a0<\/span>[\/vc_toggle][vc_separator color=\u00a0\u00bbblue\u00a0\u00bb css=\u00a0\u00bb\u00a0\u00bb][vc_toggle title=\u00a0\u00bbGestion des risques rigoureuse\u00a0\u00bb css=\u00a0\u00bb\u00a0\u00bb]<span class=\"TextRun SCXW243306416 BCX0\" lang=\"FR-CA\" xml:lang=\"FR-CA\" data-contrast=\"none\"><span class=\"NormalTextRun SCXW243306416 BCX0\">Nous mettons en \u0153uvre un processus de gestion des risques robuste qui inclut une diligence raisonnable approfondie avant l&rsquo;investissement et un suivi fr\u00e9quent des projets en cours d&rsquo;exploitation.<\/span><\/span><span class=\"EOP SCXW243306416 BCX0\" data-ccp-props=\"{&quot;134233117&quot;:false,&quot;134233118&quot;:false,&quot;335559738&quot;:240,&quot;335559739&quot;:240}\">\u00a0<\/span>[\/vc_toggle][vc_separator color=\u00a0\u00bbblue\u00a0\u00bb css=\u00a0\u00bb\u00a0\u00bb][vc_toggle title=\u00a0\u00bbEngagement envers l&rsquo;ESG et un impact au-del\u00e0 du carbone\u00a0\u00bb css=\u00a0\u00bb\u00a0\u00bb]<span class=\"TextRun SCXW910665 BCX0\" lang=\"FR-CA\" xml:lang=\"FR-CA\" data-contrast=\"none\"><span class=\"NormalTextRun SCXW910665 BCX0\">Les avantages communautaires et environnementaux de nos projets sont \u00e9valu\u00e9s selon nos politiques ESG et d&rsquo;impact, reconnues comme les meilleures de l&rsquo;industrie.<\/span><\/span><span class=\"EOP SCXW910665 BCX0\" data-ccp-props=\"{&quot;134233117&quot;:false,&quot;134233118&quot;:false,&quot;335559738&quot;:240,&quot;335559739&quot;:240}\">\u00a0<\/span>[\/vc_toggle][vc_separator color=\u00a0\u00bbblue\u00a0\u00bb css=\u00a0\u00bb\u00a0\u00bb][vc_toggle title=\u00a0\u00bbContributions significatives au march\u00e9\u00a0\u00bb css=\u00a0\u00bb\u00a0\u00bb]Les fonds Inlandsis ont engag\u00e9 du capital et soutenu les efforts de d\u00e9veloppement de projets \u00e0 travers un portefeuille diversifi\u00e9 de projets nord-am\u00e9ricains, ayant permis de r\u00e9aliser et de mon\u00e9tiser plus de 3 millions de tonnes de r\u00e9ductions d&rsquo;\u00e9quivalent CO2 depuis leur cr\u00e9ation.[\/vc_toggle][\/vc_column][\/vc_row][\/vc_section]<\/p>\n<\/div>","protected":false},"excerpt":{"rendered":"<p>[vc_section css=\u00a0\u00bb.vc_custom_1720836997223{margin-bottom: 100px !important;}\u00a0\u00bb][vc_row][vc_column][vc_column_text css=\u00a0\u00bb\u00a0\u00bb] Atteignez vos objectifs climatiques gr\u00e2ce aux cr\u00e9dits carbone d&rsquo;Inlandsis Un investisseur \u00e0 long terme et acteur cl\u00e9 des march\u00e9s du carbone en Am\u00e9rique du Nord, avec plus de 3 millions de cr\u00e9dits carbone vendus Depuis 2017, Inlandsis a soutenu plus de 40 projets de cr\u00e9dits carbone aux \u00c9tats-Unis et au [&hellip;]<\/p>\n","protected":false},"author":1,"featured_media":0,"parent":0,"menu_order":0,"comment_status":"closed","ping_status":"closed","template":"templates\/carbon-credit.php","meta":{"_acf_changed":false,"footnotes":""},"class_list":["post-22711","page","type-page","status-publish","hentry"],"acf":[],"_links":{"self":[{"href":"https:\/\/fondsinlandsis.com\/fr\/wp-json\/wp\/v2\/pages\/22711","targetHints":{"allow":["GET"]}}],"collection":[{"href":"https:\/\/fondsinlandsis.com\/fr\/wp-json\/wp\/v2\/pages"}],"about":[{"href":"https:\/\/fondsinlandsis.com\/fr\/wp-json\/wp\/v2\/types\/page"}],"author":[{"embeddable":true,"href":"https:\/\/fondsinlandsis.com\/fr\/wp-json\/wp\/v2\/users\/1"}],"replies":[{"embeddable":true,"href":"https:\/\/fondsinlandsis.com\/fr\/wp-json\/wp\/v2\/comments?post=22711"}],"version-history":[{"count":24,"href":"https:\/\/fondsinlandsis.com\/fr\/wp-json\/wp\/v2\/pages\/22711\/revisions"}],"predecessor-version":[{"id":23916,"href":"https:\/\/fondsinlandsis.com\/fr\/wp-json\/wp\/v2\/pages\/22711\/revisions\/23916"}],"wp:attachment":[{"href":"https:\/\/fondsinlandsis.com\/fr\/wp-json\/wp\/v2\/media?parent=22711"}],"curies":[{"name":"wp","href":"https:\/\/api.w.org\/{rel}","templated":true}]}}