{"id":22074,"date":"2019-02-21T21:12:06","date_gmt":"2019-02-22T02:12:06","guid":{"rendered":"https:\/\/fondsinlandsis.com\/?page_id=22074"},"modified":"2024-11-12T16:29:34","modified_gmt":"2024-11-12T21:29:34","slug":"carrieres","status":"publish","type":"page","link":"https:\/\/fondsinlandsis.com\/fr\/carrieres\/","title":{"rendered":"Carri\u00e8res"},"content":{"rendered":"<div class=\"wpb-content-wrapper\"><p>[vc_row full_width=\u00a0\u00bbstretch_row_content\u00a0\u00bb row_type=\u00a0\u00bbrow\u00a0\u00bb use_row_as_full_screen_section=\u00a0\u00bbno\u00a0\u00bb type=\u00a0\u00bbfull_width\u00a0\u00bb text_align=\u00a0\u00bbleft\u00a0\u00bb css=\u00a0\u00bb.vc_custom_1731446973498{margin-top: 40px !important;padding-top: 35px !important;padding-bottom: 100px !important;background-color: #435e71 !important;}\u00a0\u00bb el_class=\u00a0\u00bbborder\u00a0\u00bb][vc_column][vc_column_text css=\u00a0\u00bb\u00a0\u00bb el_class=\u00a0\u00bbtext-blanc\u00a0\u00bb]<\/p>\n<h2>Rejoignez l&rsquo;\u00e9quipe!<\/h2>\n<p><span class=\"TextRun SCXW118497548 BCX0\" lang=\"FR-CA\" xml:lang=\"FR-CA\" data-contrast=\"none\"><span class=\"NormalTextRun SCXW118497548 BCX0\">Rejoignez notre \u00e9quipe chez Inlandsis et faites partie d&rsquo;un groupe d\u00e9di\u00e9 \u00e0 la lutte contre le changement climatique. Vous contribuerez \u00e0 des projets significatifs qui font une diff\u00e9rence.<\/span><\/span><span class=\"EOP SCXW118497548 BCX0\" data-ccp-props=\"{&quot;335559739&quot;:240}\">\u00a0<\/span>[\/vc_column_text][\/vc_column][\/vc_row]<\/p>\n<\/div>","protected":false},"excerpt":{"rendered":"<p>[vc_row full_width=\u00a0\u00bbstretch_row_content\u00a0\u00bb row_type=\u00a0\u00bbrow\u00a0\u00bb use_row_as_full_screen_section=\u00a0\u00bbno\u00a0\u00bb type=\u00a0\u00bbfull_width\u00a0\u00bb text_align=\u00a0\u00bbleft\u00a0\u00bb css=\u00a0\u00bb.vc_custom_1731446973498{margin-top: 40px !important;padding-top: 35px !important;padding-bottom: 100px !important;background-color: #435e71 !important;}\u00a0\u00bb el_class=\u00a0\u00bbborder\u00a0\u00bb][vc_column][vc_column_text css=\u00a0\u00bb\u00a0\u00bb el_class=\u00a0\u00bbtext-blanc\u00a0\u00bb] Rejoignez l&rsquo;\u00e9quipe! Rejoignez notre \u00e9quipe chez Inlandsis et faites partie d&rsquo;un groupe d\u00e9di\u00e9 \u00e0 la lutte contre le changement climatique. Vous contribuerez \u00e0 des projets significatifs qui font une diff\u00e9rence.\u00a0[\/vc_column_text][\/vc_column][\/vc_row]<\/p>\n","protected":false},"author":1,"featured_media":0,"parent":0,"menu_order":0,"comment_status":"closed","ping_status":"closed","template":"templates\/careers.php","meta":{"_acf_changed":false,"footnotes":""},"class_list":["post-22074","page","type-page","status-publish","hentry"],"acf":[],"_links":{"self":[{"href":"https:\/\/fondsinlandsis.com\/fr\/wp-json\/wp\/v2\/pages\/22074","targetHints":{"allow":["GET"]}}],"collection":[{"href":"https:\/\/fondsinlandsis.com\/fr\/wp-json\/wp\/v2\/pages"}],"about":[{"href":"https:\/\/fondsinlandsis.com\/fr\/wp-json\/wp\/v2\/types\/page"}],"author":[{"embeddable":true,"href":"https:\/\/fondsinlandsis.com\/fr\/wp-json\/wp\/v2\/users\/1"}],"replies":[{"embeddable":true,"href":"https:\/\/fondsinlandsis.com\/fr\/wp-json\/wp\/v2\/comments?post=22074"}],"version-history":[{"count":22,"href":"https:\/\/fondsinlandsis.com\/fr\/wp-json\/wp\/v2\/pages\/22074\/revisions"}],"predecessor-version":[{"id":23767,"href":"https:\/\/fondsinlandsis.com\/fr\/wp-json\/wp\/v2\/pages\/22074\/revisions\/23767"}],"wp:attachment":[{"href":"https:\/\/fondsinlandsis.com\/fr\/wp-json\/wp\/v2\/media?parent=22074"}],"curies":[{"name":"wp","href":"https:\/\/api.w.org\/{rel}","templated":true}]}}