{"id":21557,"date":"2017-05-15T12:27:55","date_gmt":"2017-05-15T17:27:55","guid":{"rendered":"https:\/\/fondsinlandsis.com\/?page_id=21557"},"modified":"2024-12-18T07:52:43","modified_gmt":"2024-12-18T12:52:43","slug":"contact","status":"publish","type":"page","link":"https:\/\/fondsinlandsis.com\/fr\/contact\/","title":{"rendered":"Contact"},"content":{"rendered":"<div class=\"wpb-content-wrapper\"><p>[vc_section css=\u00a0\u00bb.vc_custom_1731445355983{padding-bottom: 100px !important;}\u00a0\u00bb][vc_row gap=\u00a0\u00bb35&Prime; equal_height=\u00a0\u00bbyes\u00a0\u00bb][vc_column][vc_column_text css=\u00a0\u00bb\u00a0\u00bb el_class=\u00a0\u00bbtext-contact\u00a0\u00bb]<\/p>\n<h2><span data-olk-copy-source=\"MessageBody\"> Envie de faire avancer vos initiatives environnementales avec Inlandsis\u00a0?<\/span><\/h2>\n<p><span data-olk-copy-source=\"MessageBody\">Si vous \u00eates un d\u00e9veloppeur ou un promoteur de projet, nous serions ravis de discuter de votre opportunit\u00e9 de projet potentiel. Et si vous \u00eates un acheteur potentiel de cr\u00e9dits carbone, nous sommes l\u00e0 pour r\u00e9pondre \u00e0 vos besoins en mati\u00e8re d&rsquo;achat de cr\u00e9dits carbone.<\/span>[\/vc_column_text][\/vc_column][\/vc_row][\/vc_section][vc_row full_width=\u00a0\u00bbstretch_row_content\u00a0\u00bb css=\u00a0\u00bb.vc_custom_1721159508863{padding-top: 100px !important;padding-bottom: 100px !important;background-color: #435e71 !important;}\u00a0\u00bb][vc_column][vc_column_text css=\u00a0\u00bb\u00a0\u00bb]<\/p>\n<h3 style=\"text-align: left;\">Veuillez remplir ce formulaire.<\/h3>\n<div class=\"frm_forms  with_frm_style frm_style_formidable-style\" id=\"frm_form_1_container\" >\n<form enctype=\"multipart\/form-data\" method=\"post\" class=\"frm-show-form contact-form frm_pro_form \" id=\"form_contact-form\" >\n<div class=\"frm_form_fields \">\n<fieldset>\n<legend class=\"frm_screen_reader\">Contactez-nous<\/legend>\r\n\r\n<div class=\"frm_fields_container\">\n<input type=\"hidden\" name=\"frm_action\" value=\"create\" \/>\n<input type=\"hidden\" name=\"form_id\" value=\"1\" \/>\n<input type=\"hidden\" name=\"frm_hide_fields_1\" id=\"frm_hide_fields_1\" value=\"\" \/>\n<input type=\"hidden\" name=\"form_key\" value=\"contact-form\" \/>\n<input type=\"hidden\" name=\"item_meta[0]\" value=\"\" \/>\n<input type=\"hidden\" id=\"frm_submit_entry_1\" name=\"frm_submit_entry_1\" value=\"e5ac022166\" \/><input type=\"hidden\" name=\"_wp_http_referer\" value=\"\/fr\/wp-json\/wp\/v2\/pages\/21557\" \/><div id=\"frm_field_1_container\" class=\"frm_form_field form-field  frm_required_field frm_top_container frm_first frm_half\">\r\n\t<label for=\"field_qh4icy\" id=\"field_qh4icy_label\" class=\"frm_primary_label\">Pr\u00e9nom\r\n\t\t<span class=\"frm_required\" aria-hidden=\"true\">*<\/span>\r\n\t<\/label>\r\n\t<input  type=\"text\" id=\"field_qh4icy\" name=\"item_meta[1]\" value=\"\"  data-reqmsg=\"Pr\u00e9nom ne peut pas \u00eatre vide.\t\" aria-required=\"true\" data-invmsg=\"Pr\u00e9nom est invalide\" aria-invalid=\"false\"   \/>\r\n\t\r\n\t\r\n<\/div>\n<div id=\"frm_field_2_container\" class=\"frm_form_field form-field  frm_required_field frm_hidden_container frm_half\">\r\n\t<label for=\"field_ocfup1\" id=\"field_ocfup1_label\" class=\"frm_primary_label\">Nom\r\n\t\t<span class=\"frm_required\" aria-hidden=\"true\">*<\/span>\r\n\t<\/label>\r\n\t<input  type=\"text\" id=\"field_ocfup1\" name=\"item_meta[2]\" value=\"\"  data-reqmsg=\"Nom ne peut pas \u00eatre vide.\t\" aria-required=\"true\" data-invmsg=\"Nom est invalide\" aria-invalid=\"false\"   \/>\r\n\t\r\n\t\r\n<\/div>\n<div id=\"frm_field_3_container\" class=\"frm_form_field form-field  frm_required_field frm_top_container frm_full\">\r\n\t<label for=\"field_29yf4d\" id=\"field_29yf4d_label\" class=\"frm_primary_label\">Courriel\r\n\t\t<span class=\"frm_required\" aria-hidden=\"true\">*<\/span>\r\n\t<\/label>\r\n\t<input type=\"email\" id=\"field_29yf4d\" name=\"item_meta[3]\" value=\"\"  data-reqmsg=\"Courriel ne peut pas \u00eatre vide.\t\" aria-required=\"true\" data-invmsg=\"Veuillez saisir une adresse \u00e9lectronique valide\t\" aria-invalid=\"false\"  \/>\r\n\t\r\n\t\r\n<\/div>\n<div id=\"frm_field_4_container\" class=\"frm_form_field form-field  frm_top_container frm_full\">\r\n\t<label for=\"field_e6lis6\" id=\"field_e6lis6_label\" class=\"frm_primary_label\">Entreprise\r\n\t\t<span class=\"frm_required\" aria-hidden=\"true\"><\/span>\r\n\t<\/label>\r\n\t<input  type=\"text\" id=\"field_e6lis6\" name=\"item_meta[4]\" value=\"\"  data-invmsg=\"Entreprise est invalide\" aria-invalid=\"false\"   \/>\r\n\t\r\n\t\r\n<\/div>\n<div id=\"frm_field_5_container\" class=\"frm_form_field form-field  frm_required_field frm_top_container frm_full\">\r\n\t<label for=\"field_9jv0r1\" id=\"field_9jv0r1_label\" class=\"frm_primary_label\">Message\r\n\t\t<span class=\"frm_required\" aria-hidden=\"true\">*<\/span>\r\n\t<\/label>\r\n\t<textarea name=\"item_meta[5]\" id=\"field_9jv0r1\" rows=\"5\"  placeholder=\"Votre message\" data-reqmsg=\"Message ne peut pas \u00eatre vide.\t\" aria-required=\"true\" data-invmsg=\"Message est invalide\" aria-invalid=\"false\"  ><\/textarea>\r\n\t\r\n\t\r\n<\/div>\n<div id=\"frm_field_13_container\" class=\"frm_form_field form-field \">\r\n\t<div class=\"frm_submit frm_flex\">\r\n<button class=\"frm_button_submit frm_final_submit\" type=\"submit\"   formnovalidate=\"formnovalidate\">Envoyer<\/button>\r\n\r\n\r\n\r\n<\/div>\r\n<\/div>\n\t<input type=\"hidden\" name=\"item_key\" value=\"\" \/>\n\t\t\t<div id=\"frm_field_16_container\">\n\t\t\t<label for=\"field_5iasu\" >\n\t\t\t\tSi vous \u00eates un humain, ne remplissez pas ce champ.\t\t\t<\/label>\n\t\t\t<input  id=\"field_5iasu\" type=\"text\" class=\"frm_form_field form-field frm_verify\" name=\"item_meta[16]\" value=\"\"  \/>\n\t\t<\/div>\n\t\t<input name=\"frm_state\" type=\"hidden\" value=\"AM1XFjHq6+SdqnLYXHPCwtIqTzixCHGSGhykYY+LUAEKXdMXezEKw+pr2a8UJODm\" \/><\/div>\n<\/fieldset>\n<\/div>\n\n<\/form>\n<\/div>\n[\/vc_column_text][\/vc_column][\/vc_row]<\/p>\n<\/div>","protected":false},"excerpt":{"rendered":"<p>[vc_section css=\u00a0\u00bb.vc_custom_1731445355983{padding-bottom: 100px !important;}\u00a0\u00bb][vc_row gap=\u00a0\u00bb35&Prime; equal_height=\u00a0\u00bbyes\u00a0\u00bb][vc_column][vc_column_text css=\u00a0\u00bb\u00a0\u00bb el_class=\u00a0\u00bbtext-contact\u00a0\u00bb] Envie de faire avancer vos initiatives environnementales avec Inlandsis\u00a0? Si vous \u00eates un d\u00e9veloppeur ou un promoteur de projet, nous serions ravis de discuter de votre opportunit\u00e9 de projet potentiel. Et si vous \u00eates un acheteur potentiel de cr\u00e9dits carbone, nous sommes l\u00e0 pour r\u00e9pondre \u00e0 vos [&hellip;]<\/p>\n","protected":false},"author":1,"featured_media":0,"parent":0,"menu_order":0,"comment_status":"closed","ping_status":"closed","template":"","meta":{"_acf_changed":false,"footnotes":""},"class_list":["post-21557","page","type-page","status-publish","hentry"],"acf":[],"_links":{"self":[{"href":"https:\/\/fondsinlandsis.com\/fr\/wp-json\/wp\/v2\/pages\/21557","targetHints":{"allow":["GET"]}}],"collection":[{"href":"https:\/\/fondsinlandsis.com\/fr\/wp-json\/wp\/v2\/pages"}],"about":[{"href":"https:\/\/fondsinlandsis.com\/fr\/wp-json\/wp\/v2\/types\/page"}],"author":[{"embeddable":true,"href":"https:\/\/fondsinlandsis.com\/fr\/wp-json\/wp\/v2\/users\/1"}],"replies":[{"embeddable":true,"href":"https:\/\/fondsinlandsis.com\/fr\/wp-json\/wp\/v2\/comments?post=21557"}],"version-history":[{"count":31,"href":"https:\/\/fondsinlandsis.com\/fr\/wp-json\/wp\/v2\/pages\/21557\/revisions"}],"predecessor-version":[{"id":23917,"href":"https:\/\/fondsinlandsis.com\/fr\/wp-json\/wp\/v2\/pages\/21557\/revisions\/23917"}],"wp:attachment":[{"href":"https:\/\/fondsinlandsis.com\/fr\/wp-json\/wp\/v2\/media?parent=21557"}],"curies":[{"name":"wp","href":"https:\/\/api.w.org\/{rel}","templated":true}]}}